{"id":545,"date":"2022-12-09T00:24:25","date_gmt":"2022-12-09T00:24:25","guid":{"rendered":"https:\/\/hassanaliyu.com\/?page_id=545"},"modified":"2024-11-16T07:48:58","modified_gmt":"2024-11-16T07:48:58","slug":"artworks","status":"publish","type":"page","link":"https:\/\/hassanaliyu.com\/es\/artworks\/","title":{"rendered":"m\u00e9todos de trabajo"},"content":{"rendered":"<div data-elementor-type=\"wp-page\" data-elementor-id=\"545\" class=\"elementor elementor-545\" data-elementor-post-type=\"page\">\n\t\t\t\t\t\t<section class=\"elementor-section elementor-top-section elementor-element elementor-element-612d00a elementor-section-boxed elementor-section-height-default elementor-section-height-default\" data-id=\"612d00a\" data-element_type=\"section\" data-e-type=\"section\">\n\t\t\t\t\t\t<div class=\"elementor-container elementor-column-gap-default\">\n\t\t\t\t\t<div class=\"elementor-column elementor-col-100 elementor-top-column elementor-element elementor-element-3c3f000\" data-id=\"3c3f000\" data-element_type=\"column\" data-e-type=\"column\">\n\t\t\t<div class=\"elementor-widget-wrap elementor-element-populated\">\n\t\t\t\t\t\t<div class=\"elementor-element elementor-element-803e876 elementor-widget__width-initial elementor-nav-menu__text-align-aside elementor-nav-menu--toggle elementor-nav-menu--burger elementor-widget elementor-widget-nav-menu\" data-id=\"803e876\" data-element_type=\"widget\" data-e-type=\"widget\" data-settings=\"{&quot;layout&quot;:&quot;dropdown&quot;,&quot;submenu_icon&quot;:{&quot;value&quot;:&quot;&lt;svg aria-hidden=\\&quot;true\\&quot; class=\\&quot;e-font-icon-svg e-fas-caret-down\\&quot; viewBox=\\&quot;0 0 320 512\\&quot; xmlns=\\&quot;http:\\\/\\\/www.w3.org\\\/2000\\\/svg\\&quot;&gt;&lt;path d=\\&quot;M31.3 192h257.3c17.8 0 26.7 21.5 14.1 34.1L174.1 354.8c-7.8 7.8-20.5 7.8-28.3 0L17.2 226.1C4.6 213.5 13.5 192 31.3 192z\\&quot;&gt;&lt;\\\/path&gt;&lt;\\\/svg&gt;&quot;,&quot;library&quot;:&quot;fa-solid&quot;},&quot;toggle&quot;:&quot;burger&quot;}\" data-widget_type=\"nav-menu.default\">\n\t\t\t\t<div class=\"elementor-widget-container\">\n\t\t\t\t\t\t\t<div class=\"elementor-menu-toggle\" role=\"button\" tabindex=\"0\" aria-label=\"Menu Toggle\" aria-expanded=\"false\">\n\t\t\t<svg aria-hidden=\"true\" role=\"presentation\" class=\"elementor-menu-toggle__icon--open e-font-icon-svg e-eicon-menu-bar\" viewbox=\"0 0 1000 1000\" xmlns=\"http:\/\/www.w3.org\/2000\/svg\"><path d=\"M104 333H896C929 333 958 304 958 271S929 208 896 208H104C71 208 42 237 42 271S71 333 104 333ZM104 583H896C929 583 958 554 958 521S929 458 896 458H104C71 458 42 487 42 521S71 583 104 583ZM104 833H896C929 833 958 804 958 771S929 708 896 708H104C71 708 42 737 42 771S71 833 104 833Z\"><\/path><\/svg><svg aria-hidden=\"true\" role=\"presentation\" class=\"elementor-menu-toggle__icon--close e-font-icon-svg e-eicon-close\" viewbox=\"0 0 1000 1000\" xmlns=\"http:\/\/www.w3.org\/2000\/svg\"><path d=\"M742 167L500 408 258 167C246 154 233 150 217 150 196 150 179 158 167 167 154 179 150 196 150 212 150 229 154 242 171 254L408 500 167 742C138 771 138 800 167 829 196 858 225 858 254 829L496 587 738 829C750 842 767 846 783 846 800 846 817 842 829 829 842 817 846 804 846 783 846 767 842 750 829 737L588 500 833 258C863 229 863 200 833 171 804 137 775 137 742 167Z\"><\/path><\/svg>\t\t<\/div>\n\t\t\t\t\t<nav class=\"elementor-nav-menu--dropdown elementor-nav-menu__container\" aria-hidden=\"true\">\n\t\t\t\t<ul id=\"menu-2-803e876\" class=\"elementor-nav-menu\"><li class=\"menu-item menu-item-type-post_type menu-item-object-page menu-item-home menu-item-has-children menu-item-988\"><a href=\"https:\/\/hassanaliyu.com\/es\/\" class=\"elementor-item menu-link\" tabindex=\"-1\">P\u00e1gina de inicio<span role=\"presentation\" class=\"dropdown-menu-toggle\" ><\/span><\/a>\n<ul class=\"sub-menu elementor-nav-menu--dropdown\">\n\t<li class=\"menu-item menu-item-type-post_type menu-item-object-page menu-item-990\"><a href=\"https:\/\/hassanaliyu.com\/es\/artworks\/\" class=\"elementor-sub-item menu-link\" tabindex=\"-1\">m\u00e9todos de trabajo<\/a><\/li>\n\t<li class=\"menu-item menu-item-type-post_type menu-item-object-page menu-item-997\"><a href=\"https:\/\/hassanaliyu.com\/es\/wodonga-my-home-studio-gallery\/\" class=\"elementor-sub-item menu-link\" tabindex=\"-1\">Fotos de estudio<\/a><\/li>\n\t<li class=\"menu-item menu-item-type-post_type menu-item-object-page menu-item-989\"><a href=\"https:\/\/hassanaliyu.com\/es\/contact-2\/\" class=\"elementor-sub-item menu-link\" tabindex=\"-1\">contacto<\/a><\/li>\n<\/ul>\n<\/li>\n<\/ul>\t\t\t<\/nav>\n\t\t\t\t\t\t<\/div>\n\t\t\t\t<\/div>\n\t\t\t\t\t<\/div>\n\t\t<\/div>\n\t\t\t\t\t<\/div>\n\t\t<\/section>\n\t\t<div class=\"elementor-element elementor-element-bbba36b e-flex e-con-boxed e-con e-parent\" data-id=\"bbba36b\" data-element_type=\"container\" data-e-type=\"container\">\n\t\t\t\t\t<div class=\"e-con-inner\">\n\t\t\t\t<div class=\"elementor-element elementor-element-3007c6d elementor-widget elementor-widget-image\" data-id=\"3007c6d\" data-element_type=\"widget\" data-e-type=\"widget\" data-widget_type=\"image.default\">\n\t\t\t\t<div class=\"elementor-widget-container\">\n\t\t\t\t\t\t\t\t\t\t\t\t<figure class=\"wp-caption\">\n\t\t\t\t\t\t\t\t\t\t<img fetchpriority=\"high\" decoding=\"async\" width=\"768\" height=\"626\" src=\"https:\/\/hassanaliyu.com\/wp-content\/uploads\/2024\/11\/IMG_7607-768x626.jpeg\" class=\"attachment-medium_large size-medium_large wp-image-951\" alt=\"\" srcset=\"https:\/\/hassanaliyu.com\/wp-content\/uploads\/2024\/11\/IMG_7607-768x626.jpeg 768w, https:\/\/hassanaliyu.com\/wp-content\/uploads\/2024\/11\/IMG_7607-300x244.jpeg 300w, https:\/\/hassanaliyu.com\/wp-content\/uploads\/2024\/11\/IMG_7607-1024x834.jpeg 1024w, https:\/\/hassanaliyu.com\/wp-content\/uploads\/2024\/11\/IMG_7607.jpeg 1280w\" sizes=\"(max-width: 768px) 100vw, 768px\" \/>\t\t\t\t\t\t\t\t\t\t\t<figcaption class=\"widget-image-caption wp-caption-text\">Bare Essentials, embalaje comercial sobre lienzo, 55 x 67 cm, 2024<\/figcaption>\n\t\t\t\t\t\t\t\t\t\t<\/figure>\n\t\t\t\t\t\t\t\t\t<\/div>\n\t\t\t\t<\/div>\n\t\t\t\t\t<\/div>\n\t\t\t\t<\/div>\n\t\t<div class=\"elementor-element elementor-element-4c8f68c e-flex e-con-boxed e-con e-parent\" data-id=\"4c8f68c\" data-element_type=\"container\" data-e-type=\"container\">\n\t\t\t\t\t<div class=\"e-con-inner\">\n\t\t\t\t<div class=\"elementor-element elementor-element-dd1363e elementor-widget elementor-widget-text-editor\" data-id=\"dd1363e\" data-element_type=\"widget\" data-e-type=\"widget\" data-widget_type=\"text-editor.default\">\n\t\t\t\t<div class=\"elementor-widget-container\">\n\t\t\t\t\t\t\t\t\t<p><em>\u201cLa praxis de reutilizar art\u00edculos diversos ha sido una parte integral de mi trayectoria art\u00edstica, desde mucho antes de mi formaci\u00f3n formal en el arte. Desde temprana edad, me sumerg\u00eda en montones de objetos desechados que parec\u00edan haber perdido su utilidad. Buscaba pedazos de alambre y chatarra de metal, de los cuales constru\u00eda juguetes. Quitaba los discos planos que cubr\u00edan los terminales de las bater\u00edas tipo D y los adaptaba como ruedas para los carros de f\u00f3sforos. Con trompos, entreten\u00eda a mis amigos en el juego de Isuli, un pasatiempo que requer\u00eda la destreza de inclinar el trompo de tal manera que cayera en una apertura circular biselada que tallaba en la concha de un caracol. Hac\u00eda cometas con pedazos de peri\u00f3dico desechado, pegados a estructuras esquel\u00e9ticas hechas de paja y unidas con restos de eba, mi alimento b\u00e1sico de cena, hecho de almid\u00f3n. Pegaba las alas y la cola de las cometas usando peque\u00f1os palitos tomados de las venas de una hoja de palma de coco. Mis cometas estaban atadas con hilo que rescataba y desenrollaba cuidadosamente de bolas de kpenebe desechado, el hilo negro que alguna vez sostuvo las trenzas intrincadas de las mujeres del vecindario. Cada ma\u00f1ana, los ni\u00f1os de nuestro patio emprend\u00edamos la tarea de barrer los terrenos de nuestro hogar aislado. Esta tarea, aparentemente rutinaria, se transformaba en un arte de arena. Armados con escobas hechas de las costillas de las hojas de coco, traz\u00e1bamos patrones encantadores en la arena suave. A medida que avanzaba el d\u00eda, nuestras creaciones ef\u00edmeras sucumb\u00edan al viento o a las huellas de los pies, al toque de las manos y a los trazos de palitos \u2014 muchos de estos eran mis prol\u00edficas creaciones. Entre ellas, a menudo dibujaba aviones en la arena, satisfaciendo el anhelo de mis amigos por historias visuales sobre viajes a\u00e9reos. Aunque mi recuerdo del vuelo desde Londres se inclinaba m\u00e1s hacia la imaginaci\u00f3n que a una memoria concreta, mi experiencia vivida se convirti\u00f3 en una fuente fundamental para mis inclinaciones tem\u00e1ticas. El escenario era mi hogar de infancia en Auchi, en el centro-oeste de Nigeria, donde mi hermana gemela y yo fuimos llevados en avi\u00f3n desde Londres poco antes del estallido de la guerra civil en 1967.\u201d \u2013 Hassan Aliyu, Londres 2023<\/em> &#8211; Hassan Aliyu, London 2023<\/p>\t\t\t\t\t\t\t\t<\/div>\n\t\t\t\t<\/div>\n\t\t\t\t\t<\/div>\n\t\t\t\t<\/div>\n\t\t\t\t<\/div>","protected":false},"excerpt":{"rendered":"<p>Bare Essentials, commercial packaging on canvas, 55 x 67cm, 2024 \u201cThe praxis of repurposing miscellaneous items has been an integral part of my artistic trajectory, predating my formal art training. Commencing at an early age, I delved into heaps of discarded items that appeared to have lost their utility. I scavenged for bits of wire &hellip;<\/p>\n<p class=\"read-more\"> <a class=\"\" href=\"https:\/\/hassanaliyu.com\/es\/artworks\/\"> <span class=\"screen-reader-text\">m\u00e9todos de trabajo<\/span> Leer m\u00e1s &raquo;<\/a><\/p>","protected":false},"author":1,"featured_media":0,"parent":0,"menu_order":0,"comment_status":"closed","ping_status":"closed","template":"","meta":{"site-sidebar-layout":"default","site-content-layout":"default","ast-global-header-display":"","ast-main-header-display":"","ast-hfb-above-header-display":"","ast-hfb-below-header-display":"","ast-hfb-mobile-header-display":"","site-post-title":"","ast-breadcrumbs-content":"","ast-featured-img":"","footer-sml-layout":"","theme-transparent-header-meta":"","adv-header-id-meta":"","stick-header-meta":"","header-above-stick-meta":"","header-main-stick-meta":"","header-below-stick-meta":"","footnotes":""},"class_list":["post-545","page","type-page","status-publish","hentry"],"_links":{"self":[{"href":"https:\/\/hassanaliyu.com\/es\/wp-json\/wp\/v2\/pages\/545","targetHints":{"allow":["GET"]}}],"collection":[{"href":"https:\/\/hassanaliyu.com\/es\/wp-json\/wp\/v2\/pages"}],"about":[{"href":"https:\/\/hassanaliyu.com\/es\/wp-json\/wp\/v2\/types\/page"}],"author":[{"embeddable":true,"href":"https:\/\/hassanaliyu.com\/es\/wp-json\/wp\/v2\/users\/1"}],"replies":[{"embeddable":true,"href":"https:\/\/hassanaliyu.com\/es\/wp-json\/wp\/v2\/comments?post=545"}],"version-history":[{"count":74,"href":"https:\/\/hassanaliyu.com\/es\/wp-json\/wp\/v2\/pages\/545\/revisions"}],"predecessor-version":[{"id":1181,"href":"https:\/\/hassanaliyu.com\/es\/wp-json\/wp\/v2\/pages\/545\/revisions\/1181"}],"wp:attachment":[{"href":"https:\/\/hassanaliyu.com\/es\/wp-json\/wp\/v2\/media?parent=545"}],"curies":[{"name":"wp","href":"https:\/\/api.w.org\/{rel}","templated":true}]}}